{"id":1231,"date":"2020-01-28T17:28:28","date_gmt":"2020-01-28T16:28:28","guid":{"rendered":"http:\/\/schweisstechnik.burkhard.coalo.dev\/sitemap\/"},"modified":"2020-01-28T17:28:28","modified_gmt":"2020-01-28T16:28:28","slug":"sitemap","status":"publish","type":"page","link":"https:\/\/spruehkopf.burkhard-group.com\/en\/sitemap\/","title":{"rendered":"Sitemap"},"content":{"rendered":"<div id=\"simple-sitemap-container-69d7074e2ba21\" class=\"simple-sitemap-container simple-sitemap-container-69d7074e2ba21 tab-disabled\"><div class=\"simple-sitemap-wrap\"><h3 class=\"post-type\">Pages<\/h3><ul class=\"simple-sitemap-page main\"><li class=\"sitemap-item page_item page-item-1215\"><a href=\"https:\/\/spruehkopf.burkhard-group.com\/en\/contact\/\">Contact<\/a><\/li>\n<li class=\"sitemap-item page_item page-item-1217\"><a href=\"https:\/\/spruehkopf.burkhard-group.com\/en\/\">Home<\/a><\/li>\n<li class=\"sitemap-item page_item page-item-1289\"><a href=\"https:\/\/spruehkopf.burkhard-group.com\/en\/imprint\/\">Imprint<\/a><\/li>\n<li class=\"sitemap-item page_item page-item-1252\"><a href=\"https:\/\/spruehkopf.burkhard-group.com\/en\/privacy\/\">Privacy Policy<\/a><\/li>\n<li class=\"sitemap-item page_item page-item-1229\"><a href=\"https:\/\/spruehkopf.burkhard-group.com\/en\/search-results\/\">Search results<\/a><\/li>\n<li class=\"sitemap-item page_item page-item-1231\"><a href=\"https:\/\/spruehkopf.burkhard-group.com\/en\/sitemap\/\">Sitemap<\/a><\/li>\n<\/ul><\/div><\/div><br style=\"clear: both;\"><br \/>\n    <div id=\"simple-sitemap-container-69d7074e30f18\" class=\"simple-sitemap-container simple-sitemap-container-69d7074e30f18\"><h3 class=\"post-type\">Posts<\/h3><\/div><br style=\"clear: both\"><\/p>\n","protected":false},"excerpt":{"rendered":"<p>PagesContact Home Imprint Privacy Policy Search results Sitemap Posts<\/p>\n","protected":false},"author":1,"featured_media":0,"parent":0,"menu_order":0,"comment_status":"closed","ping_status":"closed","template":"","meta":{"_lmt_disableupdate":"","_lmt_disable":"","footnotes":""},"class_list":["post-1231","page","type-page","status-publish","hentry","description-off"],"yoast_head":"<!-- This site is optimized with the Yoast SEO plugin v26.8 - https:\/\/yoast.com\/product\/yoast-seo-wordpress\/ -->\n<title>Sitemap - Spr\u00fchkopf BURKHARD Group<\/title>\n<meta name=\"robots\" content=\"index, follow, max-snippet:-1, max-image-preview:large, max-video-preview:-1\" \/>\n<link rel=\"canonical\" href=\"https:\/\/spruehkopf.burkhard-group.com\/en\/sitemap\/\" \/>\n<meta property=\"og:locale\" content=\"en_US\" \/>\n<meta property=\"og:type\" content=\"article\" \/>\n<meta property=\"og:title\" content=\"Sitemap - Spr\u00fchkopf BURKHARD Group\" \/>\n<meta property=\"og:url\" content=\"https:\/\/spruehkopf.burkhard-group.com\/en\/sitemap\/\" \/>\n<meta property=\"og:site_name\" content=\"Spr\u00fchkopf BURKHARD Group\" \/>\n<meta name=\"twitter:card\" content=\"summary_large_image\" \/>\n<script type=\"application\/ld+json\" class=\"yoast-schema-graph\">{\"@context\":\"https:\/\/schema.org\",\"@graph\":[{\"@type\":\"WebPage\",\"@id\":\"https:\/\/spruehkopf.burkhard-group.com\/en\/sitemap\/\",\"url\":\"https:\/\/spruehkopf.burkhard-group.com\/en\/sitemap\/\",\"name\":\"Sitemap - Spr\u00fchkopf BURKHARD Group\",\"isPartOf\":{\"@id\":\"https:\/\/spruehkopf.burkhard-group.com\/#website\"},\"datePublished\":\"2020-01-28T16:28:28+00:00\",\"breadcrumb\":{\"@id\":\"https:\/\/spruehkopf.burkhard-group.com\/en\/sitemap\/#breadcrumb\"},\"inLanguage\":\"en-US\",\"potentialAction\":[{\"@type\":\"ReadAction\",\"target\":[\"https:\/\/spruehkopf.burkhard-group.com\/en\/sitemap\/\"]}]},{\"@type\":\"BreadcrumbList\",\"@id\":\"https:\/\/spruehkopf.burkhard-group.com\/en\/sitemap\/#breadcrumb\",\"itemListElement\":[{\"@type\":\"ListItem\",\"position\":1,\"name\":\"Startseite\",\"item\":\"https:\/\/spruehkopf.burkhard-group.com\/en\/\"},{\"@type\":\"ListItem\",\"position\":2,\"name\":\"Sitemap\"}]},{\"@type\":\"WebSite\",\"@id\":\"https:\/\/spruehkopf.burkhard-group.com\/#website\",\"url\":\"https:\/\/spruehkopf.burkhard-group.com\/\",\"name\":\"Spr\u00fchkopf BURKHARD Group\",\"description\":\"Wir konstruieren, produzieren und vertreiben Standard- und Sonderspr\u00fchk\u00f6pfe aus Edelstahl \u2013 unsere Erfahrung f\u00fcr Ihren Erfolg.\",\"potentialAction\":[{\"@type\":\"SearchAction\",\"target\":{\"@type\":\"EntryPoint\",\"urlTemplate\":\"https:\/\/spruehkopf.burkhard-group.com\/?s={search_term_string}\"},\"query-input\":{\"@type\":\"PropertyValueSpecification\",\"valueRequired\":true,\"valueName\":\"search_term_string\"}}],\"inLanguage\":\"en-US\"}]}<\/script>\n<!-- \/ Yoast SEO plugin. -->","yoast_head_json":{"title":"Sitemap - Spr\u00fchkopf BURKHARD Group","robots":{"index":"index","follow":"follow","max-snippet":"max-snippet:-1","max-image-preview":"max-image-preview:large","max-video-preview":"max-video-preview:-1"},"canonical":"https:\/\/spruehkopf.burkhard-group.com\/en\/sitemap\/","og_locale":"en_US","og_type":"article","og_title":"Sitemap - Spr\u00fchkopf BURKHARD Group","og_url":"https:\/\/spruehkopf.burkhard-group.com\/en\/sitemap\/","og_site_name":"Spr\u00fchkopf BURKHARD Group","twitter_card":"summary_large_image","schema":{"@context":"https:\/\/schema.org","@graph":[{"@type":"WebPage","@id":"https:\/\/spruehkopf.burkhard-group.com\/en\/sitemap\/","url":"https:\/\/spruehkopf.burkhard-group.com\/en\/sitemap\/","name":"Sitemap - Spr\u00fchkopf BURKHARD Group","isPartOf":{"@id":"https:\/\/spruehkopf.burkhard-group.com\/#website"},"datePublished":"2020-01-28T16:28:28+00:00","breadcrumb":{"@id":"https:\/\/spruehkopf.burkhard-group.com\/en\/sitemap\/#breadcrumb"},"inLanguage":"en-US","potentialAction":[{"@type":"ReadAction","target":["https:\/\/spruehkopf.burkhard-group.com\/en\/sitemap\/"]}]},{"@type":"BreadcrumbList","@id":"https:\/\/spruehkopf.burkhard-group.com\/en\/sitemap\/#breadcrumb","itemListElement":[{"@type":"ListItem","position":1,"name":"Startseite","item":"https:\/\/spruehkopf.burkhard-group.com\/en\/"},{"@type":"ListItem","position":2,"name":"Sitemap"}]},{"@type":"WebSite","@id":"https:\/\/spruehkopf.burkhard-group.com\/#website","url":"https:\/\/spruehkopf.burkhard-group.com\/","name":"Spr\u00fchkopf BURKHARD Group","description":"Wir konstruieren, produzieren und vertreiben Standard- und Sonderspr\u00fchk\u00f6pfe aus Edelstahl \u2013 unsere Erfahrung f\u00fcr Ihren Erfolg.","potentialAction":[{"@type":"SearchAction","target":{"@type":"EntryPoint","urlTemplate":"https:\/\/spruehkopf.burkhard-group.com\/?s={search_term_string}"},"query-input":{"@type":"PropertyValueSpecification","valueRequired":true,"valueName":"search_term_string"}}],"inLanguage":"en-US"}]}},"_links":{"self":[{"href":"https:\/\/spruehkopf.burkhard-group.com\/en\/wp-json\/wp\/v2\/pages\/1231","targetHints":{"allow":["GET"]}}],"collection":[{"href":"https:\/\/spruehkopf.burkhard-group.com\/en\/wp-json\/wp\/v2\/pages"}],"about":[{"href":"https:\/\/spruehkopf.burkhard-group.com\/en\/wp-json\/wp\/v2\/types\/page"}],"author":[{"embeddable":true,"href":"https:\/\/spruehkopf.burkhard-group.com\/en\/wp-json\/wp\/v2\/users\/1"}],"replies":[{"embeddable":true,"href":"https:\/\/spruehkopf.burkhard-group.com\/en\/wp-json\/wp\/v2\/comments?post=1231"}],"version-history":[{"count":0,"href":"https:\/\/spruehkopf.burkhard-group.com\/en\/wp-json\/wp\/v2\/pages\/1231\/revisions"}],"wp:attachment":[{"href":"https:\/\/spruehkopf.burkhard-group.com\/en\/wp-json\/wp\/v2\/media?parent=1231"}],"curies":[{"name":"wp","href":"https:\/\/api.w.org\/{rel}","templated":true}]}}