{"id":1289,"date":"2020-02-04T13:05:01","date_gmt":"2020-02-04T12:05:01","guid":{"rendered":"http:\/\/schweisstechnik.burkhard.coalo.dev\/imprint\/"},"modified":"2024-11-26T16:22:05","modified_gmt":"2024-11-26T15:22:05","slug":"imprint","status":"publish","type":"page","link":"https:\/\/spruehkopf.burkhard-group.com\/en\/imprint\/","title":{"rendered":"Imprint"},"content":{"rendered":"<div class=\"wpb-content-wrapper\"><p>[vc_row][vc_column css=&#8221;.vc_custom_1571066152810{margin-top: 60px !important;}&#8221;][vc_column_text]<\/p>\n<h2>Imprint<\/h2>\n<p>[\/vc_column_text][\/vc_column][\/vc_row][vc_row][vc_column css=&#8221;.vc_custom_1571063058781{margin-bottom: 30px !important;}&#8221;][vc_column_text]<strong>BURKHARD Vertriebs\u00a0GmbH<\/strong><br \/>\n<strong>Julius-Probst-Stra\u00dfe 7<\/strong><br \/>\n<strong>D-87600 Kaufbeuren<\/strong><\/p>\n<p>Phone:+49 (0)8341 908489-89<br \/>\nTelefax: +49 (0)8341 908489-90<\/p>\n<p>Web: <a href=\"http:\/\/spruehkopf.burkhard-group.com\/\" target=\"_blank\" rel=\"noopener noreferrer\">www.spruehkopf.com<\/a> I <a href=\"https:\/\/burkhard-group.com\" target=\"_blank\" rel=\"noopener noreferrer\">www.burkhard-group.com<\/a><br \/>\nE-mail: <a href=\"mailto:info@spruehkopf.com\">info@spruehkopf.com<\/a><br \/>\nAndrea Ulpinnis: <a href=\"mailto:datenschutzbeauftragter@burkhard-group.com\">datenschutzbeauftragter@burkhard-group.com<\/a><\/p>\n<p>Register court: Kempten HRB 9912 with registered office in Kaufbeuren<br \/>\nVAT ID: DE 218173264<br \/>\nCertified according to: DIN EN ISO 9001:2015<\/p>\n<p>Represented by: J\u00fcrgen Burkhard, Christian Reichert[\/vc_column_text][\/vc_column][\/vc_row]<\/p>\n<\/div>","protected":false},"excerpt":{"rendered":"<p>[vc_row][vc_column css=&#8221;.vc_custom_1571066152810{margin-top: 60px !important;}&#8221;][vc_column_text] Imprint [\/vc_column_text][\/vc_column][\/vc_row][vc_row][vc_column css=&#8221;.vc_custom_1571063058781{margin-bottom: 30px !important;}&#8221;][vc_column_text]BURKHARD Vertriebs\u00a0GmbH Julius-Probst-Stra\u00dfe 7 D-87600 Kaufbeuren Phone:+49 (0)8341 908489-89 Telefax: +49 (0)8341 908489-90 Web: www.spruehkopf.com I www.burkhard-group.com E-mail: info@spruehkopf.com Andrea Ulpinnis: datenschutzbeauftragter@burkhard-group.com Register court: Kempten HRB 9912 with registered office in Kaufbeuren VAT ID: DE 218173264 Certified according to: DIN EN ISO 9001:2015 Represented by: J\u00fcrgen Burkhard,&hellip;<\/p>\n","protected":false},"author":1,"featured_media":0,"parent":0,"menu_order":0,"comment_status":"closed","ping_status":"open","template":"","meta":{"_lmt_disableupdate":"no","_lmt_disable":"","footnotes":""},"class_list":["post-1289","page","type-page","status-publish","hentry","description-off"],"yoast_head":"<!-- This site is optimized with the Yoast SEO plugin v26.8 - https:\/\/yoast.com\/product\/yoast-seo-wordpress\/ -->\n<title>Imprint - Spr\u00fchkopf BURKHARD Group<\/title>\n<meta name=\"robots\" content=\"index, follow, max-snippet:-1, max-image-preview:large, max-video-preview:-1\" \/>\n<link rel=\"canonical\" href=\"https:\/\/spruehkopf.burkhard-group.com\/en\/imprint\/\" \/>\n<meta property=\"og:locale\" content=\"en_US\" \/>\n<meta property=\"og:type\" content=\"article\" \/>\n<meta property=\"og:title\" content=\"Imprint - Spr\u00fchkopf BURKHARD Group\" \/>\n<meta property=\"og:description\" content=\"[vc_row][vc_column css=&#8221;.vc_custom_1571066152810{margin-top: 60px !important;}&#8221;][vc_column_text] Imprint [\/vc_column_text][\/vc_column][\/vc_row][vc_row][vc_column css=&#8221;.vc_custom_1571063058781{margin-bottom: 30px !important;}&#8221;][vc_column_text]BURKHARD Vertriebs\u00a0GmbH Julius-Probst-Stra\u00dfe 7 D-87600 Kaufbeuren Phone:+49 (0)8341 908489-89 Telefax: +49 (0)8341 908489-90 Web: www.spruehkopf.com I www.burkhard-group.com E-mail: info@spruehkopf.com Andrea Ulpinnis: datenschutzbeauftragter@burkhard-group.com Register court: Kempten HRB 9912 with registered office in Kaufbeuren VAT ID: DE 218173264 Certified according to: DIN EN ISO 9001:2015 Represented by: J\u00fcrgen Burkhard,&hellip;\" \/>\n<meta property=\"og:url\" content=\"https:\/\/spruehkopf.burkhard-group.com\/en\/imprint\/\" \/>\n<meta property=\"og:site_name\" content=\"Spr\u00fchkopf BURKHARD Group\" \/>\n<meta property=\"article:modified_time\" content=\"2024-11-26T15:22:05+00:00\" \/>\n<meta name=\"twitter:card\" content=\"summary_large_image\" \/>\n<meta name=\"twitter:label1\" content=\"Est. reading time\" \/>\n\t<meta name=\"twitter:data1\" content=\"1 minute\" \/>\n<script type=\"application\/ld+json\" class=\"yoast-schema-graph\">{\"@context\":\"https:\/\/schema.org\",\"@graph\":[{\"@type\":\"WebPage\",\"@id\":\"https:\/\/spruehkopf.burkhard-group.com\/en\/imprint\/\",\"url\":\"https:\/\/spruehkopf.burkhard-group.com\/en\/imprint\/\",\"name\":\"Imprint - Spr\u00fchkopf BURKHARD Group\",\"isPartOf\":{\"@id\":\"https:\/\/spruehkopf.burkhard-group.com\/#website\"},\"datePublished\":\"2020-02-04T12:05:01+00:00\",\"dateModified\":\"2024-11-26T15:22:05+00:00\",\"breadcrumb\":{\"@id\":\"https:\/\/spruehkopf.burkhard-group.com\/en\/imprint\/#breadcrumb\"},\"inLanguage\":\"en-US\",\"potentialAction\":[{\"@type\":\"ReadAction\",\"target\":[\"https:\/\/spruehkopf.burkhard-group.com\/en\/imprint\/\"]}]},{\"@type\":\"BreadcrumbList\",\"@id\":\"https:\/\/spruehkopf.burkhard-group.com\/en\/imprint\/#breadcrumb\",\"itemListElement\":[{\"@type\":\"ListItem\",\"position\":1,\"name\":\"Startseite\",\"item\":\"https:\/\/spruehkopf.burkhard-group.com\/en\/\"},{\"@type\":\"ListItem\",\"position\":2,\"name\":\"Imprint\"}]},{\"@type\":\"WebSite\",\"@id\":\"https:\/\/spruehkopf.burkhard-group.com\/#website\",\"url\":\"https:\/\/spruehkopf.burkhard-group.com\/\",\"name\":\"Spr\u00fchkopf BURKHARD Group\",\"description\":\"Wir konstruieren, produzieren und vertreiben Standard- und Sonderspr\u00fchk\u00f6pfe aus Edelstahl \u2013 unsere Erfahrung f\u00fcr Ihren Erfolg.\",\"potentialAction\":[{\"@type\":\"SearchAction\",\"target\":{\"@type\":\"EntryPoint\",\"urlTemplate\":\"https:\/\/spruehkopf.burkhard-group.com\/?s={search_term_string}\"},\"query-input\":{\"@type\":\"PropertyValueSpecification\",\"valueRequired\":true,\"valueName\":\"search_term_string\"}}],\"inLanguage\":\"en-US\"}]}<\/script>\n<!-- \/ Yoast SEO plugin. -->","yoast_head_json":{"title":"Imprint - Spr\u00fchkopf BURKHARD Group","robots":{"index":"index","follow":"follow","max-snippet":"max-snippet:-1","max-image-preview":"max-image-preview:large","max-video-preview":"max-video-preview:-1"},"canonical":"https:\/\/spruehkopf.burkhard-group.com\/en\/imprint\/","og_locale":"en_US","og_type":"article","og_title":"Imprint - Spr\u00fchkopf BURKHARD Group","og_description":"[vc_row][vc_column css=&#8221;.vc_custom_1571066152810{margin-top: 60px !important;}&#8221;][vc_column_text] Imprint [\/vc_column_text][\/vc_column][\/vc_row][vc_row][vc_column css=&#8221;.vc_custom_1571063058781{margin-bottom: 30px !important;}&#8221;][vc_column_text]BURKHARD Vertriebs\u00a0GmbH Julius-Probst-Stra\u00dfe 7 D-87600 Kaufbeuren Phone:+49 (0)8341 908489-89 Telefax: +49 (0)8341 908489-90 Web: www.spruehkopf.com I www.burkhard-group.com E-mail: info@spruehkopf.com Andrea Ulpinnis: datenschutzbeauftragter@burkhard-group.com Register court: Kempten HRB 9912 with registered office in Kaufbeuren VAT ID: DE 218173264 Certified according to: DIN EN ISO 9001:2015 Represented by: J\u00fcrgen Burkhard,&hellip;","og_url":"https:\/\/spruehkopf.burkhard-group.com\/en\/imprint\/","og_site_name":"Spr\u00fchkopf BURKHARD Group","article_modified_time":"2024-11-26T15:22:05+00:00","twitter_card":"summary_large_image","twitter_misc":{"Est. reading time":"1 minute"},"schema":{"@context":"https:\/\/schema.org","@graph":[{"@type":"WebPage","@id":"https:\/\/spruehkopf.burkhard-group.com\/en\/imprint\/","url":"https:\/\/spruehkopf.burkhard-group.com\/en\/imprint\/","name":"Imprint - Spr\u00fchkopf BURKHARD Group","isPartOf":{"@id":"https:\/\/spruehkopf.burkhard-group.com\/#website"},"datePublished":"2020-02-04T12:05:01+00:00","dateModified":"2024-11-26T15:22:05+00:00","breadcrumb":{"@id":"https:\/\/spruehkopf.burkhard-group.com\/en\/imprint\/#breadcrumb"},"inLanguage":"en-US","potentialAction":[{"@type":"ReadAction","target":["https:\/\/spruehkopf.burkhard-group.com\/en\/imprint\/"]}]},{"@type":"BreadcrumbList","@id":"https:\/\/spruehkopf.burkhard-group.com\/en\/imprint\/#breadcrumb","itemListElement":[{"@type":"ListItem","position":1,"name":"Startseite","item":"https:\/\/spruehkopf.burkhard-group.com\/en\/"},{"@type":"ListItem","position":2,"name":"Imprint"}]},{"@type":"WebSite","@id":"https:\/\/spruehkopf.burkhard-group.com\/#website","url":"https:\/\/spruehkopf.burkhard-group.com\/","name":"Spr\u00fchkopf BURKHARD Group","description":"Wir konstruieren, produzieren und vertreiben Standard- und Sonderspr\u00fchk\u00f6pfe aus Edelstahl \u2013 unsere Erfahrung f\u00fcr Ihren Erfolg.","potentialAction":[{"@type":"SearchAction","target":{"@type":"EntryPoint","urlTemplate":"https:\/\/spruehkopf.burkhard-group.com\/?s={search_term_string}"},"query-input":{"@type":"PropertyValueSpecification","valueRequired":true,"valueName":"search_term_string"}}],"inLanguage":"en-US"}]}},"_links":{"self":[{"href":"https:\/\/spruehkopf.burkhard-group.com\/en\/wp-json\/wp\/v2\/pages\/1289","targetHints":{"allow":["GET"]}}],"collection":[{"href":"https:\/\/spruehkopf.burkhard-group.com\/en\/wp-json\/wp\/v2\/pages"}],"about":[{"href":"https:\/\/spruehkopf.burkhard-group.com\/en\/wp-json\/wp\/v2\/types\/page"}],"author":[{"embeddable":true,"href":"https:\/\/spruehkopf.burkhard-group.com\/en\/wp-json\/wp\/v2\/users\/1"}],"replies":[{"embeddable":true,"href":"https:\/\/spruehkopf.burkhard-group.com\/en\/wp-json\/wp\/v2\/comments?post=1289"}],"version-history":[{"count":5,"href":"https:\/\/spruehkopf.burkhard-group.com\/en\/wp-json\/wp\/v2\/pages\/1289\/revisions"}],"predecessor-version":[{"id":1910,"href":"https:\/\/spruehkopf.burkhard-group.com\/en\/wp-json\/wp\/v2\/pages\/1289\/revisions\/1910"}],"wp:attachment":[{"href":"https:\/\/spruehkopf.burkhard-group.com\/en\/wp-json\/wp\/v2\/media?parent=1289"}],"curies":[{"name":"wp","href":"https:\/\/api.w.org\/{rel}","templated":true}]}}